{"id":989,"date":"2024-11-23T21:12:02","date_gmt":"2024-11-23T20:12:02","guid":{"rendered":"https:\/\/www.hostalavenida.es\/?page_id=989"},"modified":"2024-11-27T21:33:47","modified_gmt":"2024-11-27T20:33:47","slug":"politica-de-privacidad","status":"publish","type":"page","link":"https:\/\/www.hostalavenida.es\/en\/politica-de-privacidad\/","title":{"rendered":"Pol\u00edtica de Privacidad"},"content":{"rendered":"<div data-elementor-type=\"wp-page\" data-elementor-id=\"989\" class=\"elementor elementor-989\" data-elementor-post-type=\"page\">\n\t\t\t\t<div class=\"elementor-element elementor-element-4215fb0 e-flex e-con-boxed e-con e-parent\" data-id=\"4215fb0\" data-element_type=\"container\" data-e-type=\"container\" data-settings=\"{&quot;background_background&quot;:&quot;classic&quot;}\">\n\t\t\t\t\t<div class=\"e-con-inner\">\n\t\t\t\t<div class=\"elementor-element elementor-element-3f00a4b elementor-widget elementor-widget-heading\" data-id=\"3f00a4b\" data-element_type=\"widget\" data-e-type=\"widget\" data-widget_type=\"heading.default\">\n\t\t\t\t<div class=\"elementor-widget-container\">\n\t\t\t\t\t<h2 class=\"elementor-heading-title elementor-size-default\">Pol\u00edtica de Privacidad<\/h2>\t\t\t\t<\/div>\n\t\t\t\t<\/div>\n\t\t\t\t<div class=\"elementor-element elementor-element-5d45f15 elementor-widget elementor-widget-text-editor\" data-id=\"5d45f15\" data-element_type=\"widget\" data-e-type=\"widget\" data-widget_type=\"text-editor.default\">\n\t\t\t\t<div class=\"elementor-widget-container\">\n\t\t\t\t\t\t\t\t\t<p><strong>1. Responsable del Tratamiento de los Datos<\/strong><\/p><ul><li><strong>Raz\u00f3n Social<\/strong>: Las Dunas de Lurcar S.L<\/li><li><strong>CIF<\/strong>: B04479358<\/li><li><strong>Domicilio Social<\/strong>: Avenida Andaluc\u00eda N\u00famero 8, 04200 Tabernas (Almer\u00eda)<\/li><li><strong>Correo Electr\u00f3nico<\/strong>: <a rel=\"noopener\">info@hostalavenida.es<\/a><\/li><li><strong>Tel\u00e9fono<\/strong>: 654 387 884<\/li><\/ul><p><strong>2. Finalidad del Tratamiento<\/strong><br \/>Recopilamos y tratamos los datos personales proporcionados por el Usuario para los siguientes fines:<\/p><ul><li>Gesti\u00f3n de reservas realizadas a trav\u00e9s del Sitio Web.<\/li><li>Responder consultas y solicitudes de informaci\u00f3n.<\/li><li>Enviar comunicaciones comerciales, si el Usuario lo ha autorizado.<\/li><\/ul><p><strong>3. Base Jur\u00eddica para el Tratamiento<\/strong><br \/>El tratamiento de los datos del Usuario se basa en:<\/p><ul><li>El consentimiento otorgado mediante la aceptaci\u00f3n de esta Pol\u00edtica de Privacidad.<\/li><li>La necesidad de ejecutar un contrato o prestar un servicio solicitado por el Usuario.<\/li><\/ul><p><strong>4. Plazo de Conservaci\u00f3n de los Datos<\/strong><br \/>Los datos personales se conservar\u00e1n durante el tiempo necesario para cumplir con la finalidad para la que fueron recabados, as\u00ed como para cumplir con las obligaciones legales correspondientes.<\/p><p><strong>5. Derechos del Usuario<\/strong><br \/>El Usuario tiene derecho a:<\/p><ul><li>Acceder a sus datos personales.<\/li><li>Solicitar la rectificaci\u00f3n o supresi\u00f3n de sus datos.<\/li><li>Oponerse al tratamiento de sus datos.<\/li><li>Solicitar la limitaci\u00f3n del tratamiento.<\/li><li>Solicitar la portabilidad de sus datos.<\/li><\/ul><p>Para ejercer estos derechos, el Usuario puede contactar con el Responsable del Tratamiento a trav\u00e9s del correo electr\u00f3nico: <a rel=\"noopener\">info@hostalavenida.es<\/a>.<\/p><p><strong>6. Medidas de Seguridad<\/strong><br \/>Las Dunas de Lucar S.L adopta las medidas t\u00e9cnicas y organizativas necesarias para garantizar la seguridad de los datos personales del Usuario y evitar su alteraci\u00f3n, p\u00e9rdida, tratamiento o acceso no autorizado.<\/p><p><strong>7. Modificaciones en la Pol\u00edtica de Privacidad<\/strong><br \/>Las Dunas de Lurcar S.L se reserva el derecho de modificar la presente Pol\u00edtica de Privacidad para adaptarla a novedades legislativas o jurisprudenciales.<\/p>\t\t\t\t\t\t\t\t<\/div>\n\t\t\t\t<\/div>\n\t\t\t\t\t<\/div>\n\t\t\t\t<\/div>\n\t\t\t\t<\/div>","protected":false},"excerpt":{"rendered":"<p>Pol\u00edtica de Privacidad 1. Responsable del Tratamiento de los Datos Raz\u00f3n Social: Las Dunas de Lurcar S.L CIF: B04479358 Domicilio Social: Avenida Andaluc\u00eda N\u00famero 8, 04200 Tabernas (Almer\u00eda) Correo Electr\u00f3nico: info@hostalavenida.es Tel\u00e9fono: 654 387 884 2. Finalidad del TratamientoRecopilamos y tratamos los datos personales proporcionados por el Usuario para los siguientes fines: Gesti\u00f3n de reservas [&hellip;]<\/p>\n","protected":false},"author":1,"featured_media":0,"parent":0,"menu_order":0,"comment_status":"closed","ping_status":"closed","template":"elementor_header_footer","meta":{"footnotes":""},"class_list":["post-989","page","type-page","status-publish","hentry"],"yoast_head":"<!-- This site is optimized with the Yoast SEO plugin v27.4 - https:\/\/yoast.com\/product\/yoast-seo-wordpress\/ -->\n<title>Pol\u00edtica de Privacidad - Hostal Avenida<\/title>\n<meta name=\"robots\" content=\"noindex, nofollow\" \/>\n<meta property=\"og:locale\" content=\"en_GB\" \/>\n<meta property=\"og:type\" content=\"article\" \/>\n<meta property=\"og:title\" content=\"Pol\u00edtica de Privacidad - Hostal Avenida\" \/>\n<meta property=\"og:description\" content=\"Pol\u00edtica de Privacidad 1. Responsable del Tratamiento de los Datos Raz\u00f3n Social: Las Dunas de Lurcar S.L CIF: B04479358 Domicilio Social: Avenida Andaluc\u00eda N\u00famero 8, 04200 Tabernas (Almer\u00eda) Correo Electr\u00f3nico: info@hostalavenida.es Tel\u00e9fono: 654 387 884 2. Finalidad del TratamientoRecopilamos y tratamos los datos personales proporcionados por el Usuario para los siguientes fines: Gesti\u00f3n de reservas [&hellip;]\" \/>\n<meta property=\"og:url\" content=\"https:\/\/www.hostalavenida.es\/en\/politica-de-privacidad\/\" \/>\n<meta property=\"og:site_name\" content=\"Hostal Avenida\" \/>\n<meta property=\"article:modified_time\" content=\"2024-11-27T20:33:47+00:00\" \/>\n<meta name=\"twitter:card\" content=\"summary_large_image\" \/>\n<meta name=\"twitter:label1\" content=\"Estimated reading time\" \/>\n\t<meta name=\"twitter:data1\" content=\"2 minutes\" \/>\n<script type=\"application\/ld+json\" class=\"yoast-schema-graph\">{\"@context\":\"https:\\\/\\\/schema.org\",\"@graph\":[{\"@type\":\"WebPage\",\"@id\":\"https:\\\/\\\/www.hostalavenida.es\\\/politica-de-privacidad\\\/\",\"url\":\"https:\\\/\\\/www.hostalavenida.es\\\/politica-de-privacidad\\\/\",\"name\":\"Pol\u00edtica de Privacidad - Hostal Avenida\",\"isPartOf\":{\"@id\":\"https:\\\/\\\/www.hostalavenida.es\\\/#website\"},\"datePublished\":\"2024-11-23T20:12:02+00:00\",\"dateModified\":\"2024-11-27T20:33:47+00:00\",\"breadcrumb\":{\"@id\":\"https:\\\/\\\/www.hostalavenida.es\\\/politica-de-privacidad\\\/#breadcrumb\"},\"inLanguage\":\"en-GB\",\"potentialAction\":[{\"@type\":\"ReadAction\",\"target\":[\"https:\\\/\\\/www.hostalavenida.es\\\/politica-de-privacidad\\\/\"]}]},{\"@type\":\"BreadcrumbList\",\"@id\":\"https:\\\/\\\/www.hostalavenida.es\\\/politica-de-privacidad\\\/#breadcrumb\",\"itemListElement\":[{\"@type\":\"ListItem\",\"position\":1,\"name\":\"Portada\",\"item\":\"https:\\\/\\\/www.hostalavenida.es\\\/\"},{\"@type\":\"ListItem\",\"position\":2,\"name\":\"Pol\u00edtica de Privacidad\"}]},{\"@type\":\"WebSite\",\"@id\":\"https:\\\/\\\/www.hostalavenida.es\\\/#website\",\"url\":\"https:\\\/\\\/www.hostalavenida.es\\\/\",\"name\":\"Hostal Avenida\",\"description\":\"Hostal Avenida en Tabernas\",\"potentialAction\":[{\"@type\":\"SearchAction\",\"target\":{\"@type\":\"EntryPoint\",\"urlTemplate\":\"https:\\\/\\\/www.hostalavenida.es\\\/?s={search_term_string}\"},\"query-input\":{\"@type\":\"PropertyValueSpecification\",\"valueRequired\":true,\"valueName\":\"search_term_string\"}}],\"inLanguage\":\"en-GB\"}]}<\/script>\n<!-- \/ Yoast SEO plugin. -->","yoast_head_json":{"title":"Pol\u00edtica de Privacidad - Hostal Avenida","robots":{"index":"noindex","follow":"nofollow"},"og_locale":"en_GB","og_type":"article","og_title":"Pol\u00edtica de Privacidad - Hostal Avenida","og_description":"Pol\u00edtica de Privacidad 1. Responsable del Tratamiento de los Datos Raz\u00f3n Social: Las Dunas de Lurcar S.L CIF: B04479358 Domicilio Social: Avenida Andaluc\u00eda N\u00famero 8, 04200 Tabernas (Almer\u00eda) Correo Electr\u00f3nico: info@hostalavenida.es Tel\u00e9fono: 654 387 884 2. Finalidad del TratamientoRecopilamos y tratamos los datos personales proporcionados por el Usuario para los siguientes fines: Gesti\u00f3n de reservas [&hellip;]","og_url":"https:\/\/www.hostalavenida.es\/en\/politica-de-privacidad\/","og_site_name":"Hostal Avenida","article_modified_time":"2024-11-27T20:33:47+00:00","twitter_card":"summary_large_image","twitter_misc":{"Estimated reading time":"2 minutes"},"schema":{"@context":"https:\/\/schema.org","@graph":[{"@type":"WebPage","@id":"https:\/\/www.hostalavenida.es\/politica-de-privacidad\/","url":"https:\/\/www.hostalavenida.es\/politica-de-privacidad\/","name":"Pol\u00edtica de Privacidad - Hostal Avenida","isPartOf":{"@id":"https:\/\/www.hostalavenida.es\/#website"},"datePublished":"2024-11-23T20:12:02+00:00","dateModified":"2024-11-27T20:33:47+00:00","breadcrumb":{"@id":"https:\/\/www.hostalavenida.es\/politica-de-privacidad\/#breadcrumb"},"inLanguage":"en-GB","potentialAction":[{"@type":"ReadAction","target":["https:\/\/www.hostalavenida.es\/politica-de-privacidad\/"]}]},{"@type":"BreadcrumbList","@id":"https:\/\/www.hostalavenida.es\/politica-de-privacidad\/#breadcrumb","itemListElement":[{"@type":"ListItem","position":1,"name":"Portada","item":"https:\/\/www.hostalavenida.es\/"},{"@type":"ListItem","position":2,"name":"Pol\u00edtica de Privacidad"}]},{"@type":"WebSite","@id":"https:\/\/www.hostalavenida.es\/#website","url":"https:\/\/www.hostalavenida.es\/","name":"Hostal Avenida","description":"Hostal Avenida en Tabernas","potentialAction":[{"@type":"SearchAction","target":{"@type":"EntryPoint","urlTemplate":"https:\/\/www.hostalavenida.es\/?s={search_term_string}"},"query-input":{"@type":"PropertyValueSpecification","valueRequired":true,"valueName":"search_term_string"}}],"inLanguage":"en-GB"}]}},"_links":{"self":[{"href":"https:\/\/www.hostalavenida.es\/en\/wp-json\/wp\/v2\/pages\/989","targetHints":{"allow":["GET"]}}],"collection":[{"href":"https:\/\/www.hostalavenida.es\/en\/wp-json\/wp\/v2\/pages"}],"about":[{"href":"https:\/\/www.hostalavenida.es\/en\/wp-json\/wp\/v2\/types\/page"}],"author":[{"embeddable":true,"href":"https:\/\/www.hostalavenida.es\/en\/wp-json\/wp\/v2\/users\/1"}],"replies":[{"embeddable":true,"href":"https:\/\/www.hostalavenida.es\/en\/wp-json\/wp\/v2\/comments?post=989"}],"version-history":[{"count":7,"href":"https:\/\/www.hostalavenida.es\/en\/wp-json\/wp\/v2\/pages\/989\/revisions"}],"predecessor-version":[{"id":1132,"href":"https:\/\/www.hostalavenida.es\/en\/wp-json\/wp\/v2\/pages\/989\/revisions\/1132"}],"wp:attachment":[{"href":"https:\/\/www.hostalavenida.es\/en\/wp-json\/wp\/v2\/media?parent=989"}],"curies":[{"name":"wp","href":"https:\/\/api.w.org\/{rel}","templated":true}]}}