{"id":394,"date":"2024-10-16T19:40:09","date_gmt":"2024-10-16T17:40:09","guid":{"rendered":"https:\/\/www.hostalavenida.es\/?post_type=product&#038;p=394"},"modified":"2024-11-25T11:40:04","modified_gmt":"2024-11-25T10:40:04","slug":"especial-con-balcon-1-3","status":"publish","type":"product","link":"http:\/\/www.hostalavenida.es\/en\/tienda\/especial-con-balcon-1-3\/","title":{"rendered":"Doble Especial con Balc\u00f3n 1-3"},"content":{"rendered":"<p><span style=\"font-weight: 400;\">Habitaci\u00f3n doble especial con cama de 1.50m y balc\u00f3n, climatizada, ba\u00f1o completo (ba\u00f1era), TV e internet (vistas a la iglesia y a la monta\u00f1a)<\/span><\/p>\n<p>&nbsp;<\/p>","protected":false},"excerpt":{"rendered":"<p>Habitaci\u00f3n doble especial con cama de 1.50m y balc\u00f3n, climatizada, ba\u00f1o completo (ba\u00f1era), TV e internet (vistas a la iglesia y a la monta\u00f1a) &nbsp;<\/p>","protected":false},"featured_media":618,"template":"","meta":[],"product_brand":[],"product_cat":[28,26],"product_tag":[],"class_list":{"0":"post-394","1":"product","2":"type-product","3":"status-publish","4":"has-post-thumbnail","6":"product_cat-especial-con-balcon","7":"product_cat-primera-planta","9":"first","10":"instock","11":"virtual","12":"taxable","13":"purchasable","14":"product-type-ovabrw_car_rental"},"yoast_head":"<!-- This site is optimized with the Yoast SEO plugin v27.4 - https:\/\/yoast.com\/product\/yoast-seo-wordpress\/ -->\n<title>Doble Especial con Balc\u00f3n 1-3 - Hostal Avenida<\/title>\n<meta name=\"description\" content=\"Habitaci\u00f3n doble especial con cama de 1.50m y balc\u00f3n, climatizada, ba\u00f1o completo (ba\u00f1era), TV e internet (vistas a la iglesia y a la monta\u00f1a)\" \/>\n<meta name=\"robots\" content=\"index, follow, max-snippet:-1, max-image-preview:large, max-video-preview:-1\" \/>\n<link rel=\"canonical\" href=\"http:\/\/www.hostalavenida.es\/en\/tienda\/especial-con-balcon-1-3\/\" \/>\n<meta property=\"og:locale\" content=\"en_GB\" \/>\n<meta property=\"og:type\" content=\"article\" \/>\n<meta property=\"og:title\" content=\"Doble Especial con Balc\u00f3n 1-3 - Hostal Avenida\" \/>\n<meta property=\"og:description\" content=\"Habitaci\u00f3n doble especial con cama de 1.50m y balc\u00f3n, climatizada, ba\u00f1o completo (ba\u00f1era), TV e internet (vistas a la iglesia y a la monta\u00f1a)\" \/>\n<meta property=\"og:url\" content=\"http:\/\/www.hostalavenida.es\/en\/tienda\/especial-con-balcon-1-3\/\" \/>\n<meta property=\"og:site_name\" content=\"Hostal Avenida\" \/>\n<meta property=\"article:modified_time\" content=\"2024-11-25T10:40:04+00:00\" \/>\n<meta property=\"og:image\" content=\"http:\/\/www.hostalavenida.es\/wp-content\/uploads\/2024\/10\/habitacion-doble-especial-balcon-hostal-avenida-balcon-2.webp\" \/>\n\t<meta property=\"og:image:width\" content=\"600\" \/>\n\t<meta property=\"og:image:height\" content=\"400\" \/>\n\t<meta property=\"og:image:type\" content=\"image\/webp\" \/>\n<meta name=\"twitter:card\" content=\"summary_large_image\" \/>\n<meta name=\"twitter:label1\" content=\"Estimated reading time\" \/>\n\t<meta name=\"twitter:data1\" content=\"1 minute\" \/>\n<script type=\"application\/ld+json\" class=\"yoast-schema-graph\">{\"@context\":\"https:\\\/\\\/schema.org\",\"@graph\":[{\"@type\":\"WebPage\",\"@id\":\"http:\\\/\\\/www.hostalavenida.es\\\/tienda\\\/especial-con-balcon-1-3\\\/\",\"url\":\"http:\\\/\\\/www.hostalavenida.es\\\/tienda\\\/especial-con-balcon-1-3\\\/\",\"name\":\"Doble Especial con Balc\u00f3n 1-3 - Hostal Avenida\",\"isPartOf\":{\"@id\":\"https:\\\/\\\/www.hostalavenida.es\\\/#website\"},\"primaryImageOfPage\":{\"@id\":\"http:\\\/\\\/www.hostalavenida.es\\\/tienda\\\/especial-con-balcon-1-3\\\/#primaryimage\"},\"image\":{\"@id\":\"http:\\\/\\\/www.hostalavenida.es\\\/tienda\\\/especial-con-balcon-1-3\\\/#primaryimage\"},\"thumbnailUrl\":\"http:\\\/\\\/www.hostalavenida.es\\\/wp-content\\\/uploads\\\/2024\\\/10\\\/habitacion-doble-especial-balcon-hostal-avenida-balcon-2.webp\",\"datePublished\":\"2024-10-16T17:40:09+00:00\",\"dateModified\":\"2024-11-25T10:40:04+00:00\",\"description\":\"Habitaci\u00f3n doble especial con cama de 1.50m y balc\u00f3n, climatizada, ba\u00f1o completo (ba\u00f1era), TV e internet (vistas a la iglesia y a la monta\u00f1a)\",\"breadcrumb\":{\"@id\":\"http:\\\/\\\/www.hostalavenida.es\\\/tienda\\\/especial-con-balcon-1-3\\\/#breadcrumb\"},\"inLanguage\":\"en-GB\",\"potentialAction\":[{\"@type\":\"ReadAction\",\"target\":[\"http:\\\/\\\/www.hostalavenida.es\\\/tienda\\\/especial-con-balcon-1-3\\\/\"]}]},{\"@type\":\"ImageObject\",\"inLanguage\":\"en-GB\",\"@id\":\"http:\\\/\\\/www.hostalavenida.es\\\/tienda\\\/especial-con-balcon-1-3\\\/#primaryimage\",\"url\":\"http:\\\/\\\/www.hostalavenida.es\\\/wp-content\\\/uploads\\\/2024\\\/10\\\/habitacion-doble-especial-balcon-hostal-avenida-balcon-2.webp\",\"contentUrl\":\"http:\\\/\\\/www.hostalavenida.es\\\/wp-content\\\/uploads\\\/2024\\\/10\\\/habitacion-doble-especial-balcon-hostal-avenida-balcon-2.webp\",\"width\":600,\"height\":400},{\"@type\":\"BreadcrumbList\",\"@id\":\"http:\\\/\\\/www.hostalavenida.es\\\/tienda\\\/especial-con-balcon-1-3\\\/#breadcrumb\",\"itemListElement\":[{\"@type\":\"ListItem\",\"position\":1,\"name\":\"Portada\",\"item\":\"https:\\\/\\\/www.hostalavenida.es\\\/\"},{\"@type\":\"ListItem\",\"position\":2,\"name\":\"Productos\",\"item\":\"http:\\\/\\\/www.hostalavenida.es\\\/shop\\\/\"},{\"@type\":\"ListItem\",\"position\":3,\"name\":\"Doble Especial con Balc\u00f3n 1-3\"}]},{\"@type\":\"WebSite\",\"@id\":\"https:\\\/\\\/www.hostalavenida.es\\\/#website\",\"url\":\"https:\\\/\\\/www.hostalavenida.es\\\/\",\"name\":\"Hostal Avenida\",\"description\":\"Hostal Avenida en Tabernas\",\"potentialAction\":[{\"@type\":\"SearchAction\",\"target\":{\"@type\":\"EntryPoint\",\"urlTemplate\":\"https:\\\/\\\/www.hostalavenida.es\\\/?s={search_term_string}\"},\"query-input\":{\"@type\":\"PropertyValueSpecification\",\"valueRequired\":true,\"valueName\":\"search_term_string\"}}],\"inLanguage\":\"en-GB\"}]}<\/script>\n<!-- \/ Yoast SEO plugin. -->","yoast_head_json":{"title":"Doble Especial con Balc\u00f3n 1-3 - Hostal Avenida","description":"Habitaci\u00f3n doble especial con cama de 1.50m y balc\u00f3n, climatizada, ba\u00f1o completo (ba\u00f1era), TV e internet (vistas a la iglesia y a la monta\u00f1a)","robots":{"index":"index","follow":"follow","max-snippet":"max-snippet:-1","max-image-preview":"max-image-preview:large","max-video-preview":"max-video-preview:-1"},"canonical":"http:\/\/www.hostalavenida.es\/en\/tienda\/especial-con-balcon-1-3\/","og_locale":"en_GB","og_type":"article","og_title":"Doble Especial con Balc\u00f3n 1-3 - Hostal Avenida","og_description":"Habitaci\u00f3n doble especial con cama de 1.50m y balc\u00f3n, climatizada, ba\u00f1o completo (ba\u00f1era), TV e internet (vistas a la iglesia y a la monta\u00f1a)","og_url":"http:\/\/www.hostalavenida.es\/en\/tienda\/especial-con-balcon-1-3\/","og_site_name":"Hostal Avenida","article_modified_time":"2024-11-25T10:40:04+00:00","og_image":[{"width":600,"height":400,"url":"http:\/\/www.hostalavenida.es\/wp-content\/uploads\/2024\/10\/habitacion-doble-especial-balcon-hostal-avenida-balcon-2.webp","type":"image\/webp"}],"twitter_card":"summary_large_image","twitter_misc":{"Estimated reading time":"1 minute"},"schema":{"@context":"https:\/\/schema.org","@graph":[{"@type":"WebPage","@id":"http:\/\/www.hostalavenida.es\/tienda\/especial-con-balcon-1-3\/","url":"http:\/\/www.hostalavenida.es\/tienda\/especial-con-balcon-1-3\/","name":"Doble Especial con Balc\u00f3n 1-3 - Hostal Avenida","isPartOf":{"@id":"https:\/\/www.hostalavenida.es\/#website"},"primaryImageOfPage":{"@id":"http:\/\/www.hostalavenida.es\/tienda\/especial-con-balcon-1-3\/#primaryimage"},"image":{"@id":"http:\/\/www.hostalavenida.es\/tienda\/especial-con-balcon-1-3\/#primaryimage"},"thumbnailUrl":"http:\/\/www.hostalavenida.es\/wp-content\/uploads\/2024\/10\/habitacion-doble-especial-balcon-hostal-avenida-balcon-2.webp","datePublished":"2024-10-16T17:40:09+00:00","dateModified":"2024-11-25T10:40:04+00:00","description":"Habitaci\u00f3n doble especial con cama de 1.50m y balc\u00f3n, climatizada, ba\u00f1o completo (ba\u00f1era), TV e internet (vistas a la iglesia y a la monta\u00f1a)","breadcrumb":{"@id":"http:\/\/www.hostalavenida.es\/tienda\/especial-con-balcon-1-3\/#breadcrumb"},"inLanguage":"en-GB","potentialAction":[{"@type":"ReadAction","target":["http:\/\/www.hostalavenida.es\/tienda\/especial-con-balcon-1-3\/"]}]},{"@type":"ImageObject","inLanguage":"en-GB","@id":"http:\/\/www.hostalavenida.es\/tienda\/especial-con-balcon-1-3\/#primaryimage","url":"http:\/\/www.hostalavenida.es\/wp-content\/uploads\/2024\/10\/habitacion-doble-especial-balcon-hostal-avenida-balcon-2.webp","contentUrl":"http:\/\/www.hostalavenida.es\/wp-content\/uploads\/2024\/10\/habitacion-doble-especial-balcon-hostal-avenida-balcon-2.webp","width":600,"height":400},{"@type":"BreadcrumbList","@id":"http:\/\/www.hostalavenida.es\/tienda\/especial-con-balcon-1-3\/#breadcrumb","itemListElement":[{"@type":"ListItem","position":1,"name":"Portada","item":"https:\/\/www.hostalavenida.es\/"},{"@type":"ListItem","position":2,"name":"Productos","item":"http:\/\/www.hostalavenida.es\/shop\/"},{"@type":"ListItem","position":3,"name":"Doble Especial con Balc\u00f3n 1-3"}]},{"@type":"WebSite","@id":"https:\/\/www.hostalavenida.es\/#website","url":"https:\/\/www.hostalavenida.es\/","name":"Hostal Avenida","description":"Hostal Avenida en Tabernas","potentialAction":[{"@type":"SearchAction","target":{"@type":"EntryPoint","urlTemplate":"https:\/\/www.hostalavenida.es\/?s={search_term_string}"},"query-input":{"@type":"PropertyValueSpecification","valueRequired":true,"valueName":"search_term_string"}}],"inLanguage":"en-GB"}]}},"_links":{"self":[{"href":"http:\/\/www.hostalavenida.es\/en\/wp-json\/wp\/v2\/product\/394","targetHints":{"allow":["GET"]}}],"collection":[{"href":"http:\/\/www.hostalavenida.es\/en\/wp-json\/wp\/v2\/product"}],"about":[{"href":"http:\/\/www.hostalavenida.es\/en\/wp-json\/wp\/v2\/types\/product"}],"wp:featuredmedia":[{"embeddable":true,"href":"http:\/\/www.hostalavenida.es\/en\/wp-json\/wp\/v2\/media\/618"}],"wp:attachment":[{"href":"http:\/\/www.hostalavenida.es\/en\/wp-json\/wp\/v2\/media?parent=394"}],"wp:term":[{"taxonomy":"product_brand","embeddable":true,"href":"http:\/\/www.hostalavenida.es\/en\/wp-json\/wp\/v2\/product_brand?post=394"},{"taxonomy":"product_cat","embeddable":true,"href":"http:\/\/www.hostalavenida.es\/en\/wp-json\/wp\/v2\/product_cat?post=394"},{"taxonomy":"product_tag","embeddable":true,"href":"http:\/\/www.hostalavenida.es\/en\/wp-json\/wp\/v2\/product_tag?post=394"}],"curies":[{"name":"wp","href":"https:\/\/api.w.org\/{rel}","templated":true}]}}