{"id":994,"date":"2024-11-23T21:16:31","date_gmt":"2024-11-23T20:16:31","guid":{"rendered":"https:\/\/www.hostalavenida.es\/?page_id=994"},"modified":"2024-11-27T22:12:59","modified_gmt":"2024-11-27T21:12:59","slug":"declaracion-de-accesibilidad","status":"publish","type":"page","link":"http:\/\/www.hostalavenida.es\/en\/declaracion-de-accesibilidad\/","title":{"rendered":"Declaraci\u00f3n de Accesibilidad"},"content":{"rendered":"<div data-elementor-type=\"wp-page\" data-elementor-id=\"994\" class=\"elementor elementor-994\" data-elementor-post-type=\"page\">\n\t\t\t\t<div class=\"elementor-element elementor-element-4215fb0 e-flex e-con-boxed e-con e-parent\" data-id=\"4215fb0\" data-element_type=\"container\" data-e-type=\"container\" data-settings=\"{&quot;background_background&quot;:&quot;classic&quot;}\">\n\t\t\t\t\t<div class=\"e-con-inner\">\n\t\t\t\t<div class=\"elementor-element elementor-element-3f00a4b elementor-widget elementor-widget-heading\" data-id=\"3f00a4b\" data-element_type=\"widget\" data-e-type=\"widget\" data-widget_type=\"heading.default\">\n\t\t\t\t<div class=\"elementor-widget-container\">\n\t\t\t\t\t<h2 class=\"elementor-heading-title elementor-size-default\">Declaraci\u00f3n de Accesibilidad<\/h2>\t\t\t\t<\/div>\n\t\t\t\t<\/div>\n\t\t\t\t<div class=\"elementor-element elementor-element-5d45f15 elementor-widget elementor-widget-text-editor\" data-id=\"5d45f15\" data-element_type=\"widget\" data-e-type=\"widget\" data-widget_type=\"text-editor.default\">\n\t\t\t\t<div class=\"elementor-widget-container\">\n\t\t\t\t\t\t\t\t\t<p><strong>Las Dunas de Lurcar S.L<\/strong>, titular del sitio web <a href=\"https:\/\/www.hostalavenida.es\/en\/\" target=\"_new\" rel=\"noopener\">https:\/\/www.hostalavenida.es<\/a>, se compromete a hacer accesible este sitio web de conformidad con el Real Decreto 1112\/2018, de 7 de septiembre, sobre accesibilidad de los sitios web y aplicaciones para dispositivos m\u00f3viles del sector p\u00fablico (en adelante, Real Decreto 1112\/2018).<\/p>\n<p>La presente declaraci\u00f3n de accesibilidad se aplica al sitio web <a href=\"https:\/\/www.hostalavenida.es\/en\/\" target=\"_new\" rel=\"noopener\">https:\/\/www.hostalavenida.es<\/a>.<\/p>\n<p><strong>Compromiso con la accesibilidad<\/strong><br>En <strong>Las Dunas de Lurcar S.L<\/strong>, nos comprometemos a proporcionar un sitio web accesible para la audiencia m\u00e1s amplia posible, independientemente de sus circunstancias o capacidades. Nuestro objetivo es cumplir con las Pautas de Accesibilidad para el Contenido Web (WCAG 2.1, Nivel AA), publicadas por el Consorcio WWW (World Wide Web Consortium &#8211; W3C).<\/p>\n<p>Estas pautas explican c\u00f3mo lograr que el contenido web sea m\u00e1s accesible para las personas con discapacidades. El cumplimiento de estas pautas no solo facilita el acceso a personas con necesidades especiales, sino que tambi\u00e9n mejora la experiencia de todos los usuarios.<\/p>\n<p>Actualmente estamos trabajando para asegurar que todas las \u00e1reas de nuestro sitio web cumplan con estos est\u00e1ndares. Sin embargo, debido a la naturaleza din\u00e1mica de nuestro sitio web, puede haber algunas \u00e1reas que no sean totalmente accesibles en todo momento. Seguimos mejorando continuamente nuestra accesibilidad y buscando soluciones para solventar cualquier problema que pueda surgir.<\/p>\n<hr>\n<p><strong>Observaciones y Datos de Contacto<\/strong><br>Si encuentras barreras de accesibilidad en nuestro sitio web o tienes cualquier comentario o sugerencia para mejorarla, puedes contactar con nosotros a trav\u00e9s de las siguientes v\u00edas:<\/p>\n<ul>\n<li><strong>Correo Electr\u00f3nico<\/strong>: <a rel=\"noopener\">info@hostalavenida.es<\/a><\/li>\n<li><strong>Tel\u00e9fono<\/strong>: 654 387 884<\/li>\n<\/ul>\n<p>Las comunicaciones relacionadas con requisitos de accesibilidad (art\u00edculo 10.2.a del Real Decreto 1112\/2018) pueden incluir:<\/p>\n<ul>\n<li>Informar sobre posibles incumplimientos de accesibilidad en el sitio web.<\/li>\n<li>Transmitir dificultades de acceso al contenido.<\/li>\n<li>Formular sugerencias o consultas relacionadas con la mejora de la accesibilidad del sitio web.<\/li>\n<\/ul>\n<hr>\n<p><strong>Procedimiento de Aplicaci\u00f3n<\/strong><br>Si una vez realizada una solicitud de informaci\u00f3n accesible o una queja no est\u00e1s satisfecho\/a con la respuesta recibida, puedes presentar una queja formal conforme a lo estipulado en el art\u00edculo 13 del Real Decreto 1112\/2018, o realizar una solicitud de arbitraje para asegurar la accesibilidad del sitio.<\/p>\n<p>Esta declaraci\u00f3n fue revisada por \u00faltima vez el <strong>23 de noviembre de 2024<\/strong>.<\/p>\t\t\t\t\t\t\t\t<\/div>\n\t\t\t\t<\/div>\n\t\t\t\t\t<\/div>\n\t\t\t\t<\/div>\n\t\t\t\t<\/div>","protected":false},"excerpt":{"rendered":"<p>Declaraci\u00f3n de Accesibilidad Las Dunas de Lurcar S.L, titular del sitio web https:\/\/www.hostalavenida.es, se compromete a hacer accesible este sitio web de conformidad con el Real Decreto 1112\/2018, de 7 de septiembre, sobre accesibilidad de los sitios web y aplicaciones para dispositivos m\u00f3viles del sector p\u00fablico (en adelante, Real Decreto 1112\/2018). La presente declaraci\u00f3n de [&hellip;]<\/p>\n","protected":false},"author":1,"featured_media":0,"parent":0,"menu_order":0,"comment_status":"closed","ping_status":"closed","template":"elementor_header_footer","meta":{"footnotes":""},"class_list":["post-994","page","type-page","status-publish","hentry"],"yoast_head":"<!-- This site is optimized with the Yoast SEO plugin v27.4 - https:\/\/yoast.com\/product\/yoast-seo-wordpress\/ -->\n<title>Declaraci\u00f3n de Accesibilidad - Hostal Avenida<\/title>\n<meta name=\"robots\" content=\"noindex, nofollow\" \/>\n<meta property=\"og:locale\" content=\"en_GB\" \/>\n<meta property=\"og:type\" content=\"article\" \/>\n<meta property=\"og:title\" content=\"Declaraci\u00f3n de Accesibilidad - Hostal Avenida\" \/>\n<meta property=\"og:description\" content=\"Declaraci\u00f3n de Accesibilidad Las Dunas de Lurcar S.L, titular del sitio web https:\/\/www.hostalavenida.es, se compromete a hacer accesible este sitio web de conformidad con el Real Decreto 1112\/2018, de 7 de septiembre, sobre accesibilidad de los sitios web y aplicaciones para dispositivos m\u00f3viles del sector p\u00fablico (en adelante, Real Decreto 1112\/2018). La presente declaraci\u00f3n de [&hellip;]\" \/>\n<meta property=\"og:url\" content=\"http:\/\/www.hostalavenida.es\/en\/declaracion-de-accesibilidad\/\" \/>\n<meta property=\"og:site_name\" content=\"Hostal Avenida\" \/>\n<meta property=\"article:modified_time\" content=\"2024-11-27T21:12:59+00:00\" \/>\n<meta name=\"twitter:card\" content=\"summary_large_image\" \/>\n<meta name=\"twitter:label1\" content=\"Estimated reading time\" \/>\n\t<meta name=\"twitter:data1\" content=\"2 minutes\" \/>\n<script type=\"application\/ld+json\" class=\"yoast-schema-graph\">{\"@context\":\"https:\\\/\\\/schema.org\",\"@graph\":[{\"@type\":\"WebPage\",\"@id\":\"http:\\\/\\\/www.hostalavenida.es\\\/en\\\/declaracion-de-accesibilidad\\\/\",\"url\":\"http:\\\/\\\/www.hostalavenida.es\\\/en\\\/declaracion-de-accesibilidad\\\/\",\"name\":\"Declaraci\u00f3n de Accesibilidad - Hostal Avenida\",\"isPartOf\":{\"@id\":\"http:\\\/\\\/www.hostalavenida.es\\\/#website\"},\"datePublished\":\"2024-11-23T20:16:31+00:00\",\"dateModified\":\"2024-11-27T21:12:59+00:00\",\"breadcrumb\":{\"@id\":\"http:\\\/\\\/www.hostalavenida.es\\\/en\\\/declaracion-de-accesibilidad\\\/#breadcrumb\"},\"inLanguage\":\"en-GB\",\"potentialAction\":[{\"@type\":\"ReadAction\",\"target\":[\"http:\\\/\\\/www.hostalavenida.es\\\/en\\\/declaracion-de-accesibilidad\\\/\"]}]},{\"@type\":\"BreadcrumbList\",\"@id\":\"http:\\\/\\\/www.hostalavenida.es\\\/en\\\/declaracion-de-accesibilidad\\\/#breadcrumb\",\"itemListElement\":[{\"@type\":\"ListItem\",\"position\":1,\"name\":\"Portada\",\"item\":\"http:\\\/\\\/www.hostalavenida.es\\\/\"},{\"@type\":\"ListItem\",\"position\":2,\"name\":\"Declaraci\u00f3n de Accesibilidad\"}]},{\"@type\":\"WebSite\",\"@id\":\"http:\\\/\\\/www.hostalavenida.es\\\/#website\",\"url\":\"http:\\\/\\\/www.hostalavenida.es\\\/\",\"name\":\"Hostal Avenida\",\"description\":\"Hostal Avenida en Tabernas\",\"potentialAction\":[{\"@type\":\"SearchAction\",\"target\":{\"@type\":\"EntryPoint\",\"urlTemplate\":\"http:\\\/\\\/www.hostalavenida.es\\\/?s={search_term_string}\"},\"query-input\":{\"@type\":\"PropertyValueSpecification\",\"valueRequired\":true,\"valueName\":\"search_term_string\"}}],\"inLanguage\":\"en-GB\"}]}<\/script>\n<!-- \/ Yoast SEO plugin. -->","yoast_head_json":{"title":"Declaraci\u00f3n de Accesibilidad - Hostal Avenida","robots":{"index":"noindex","follow":"nofollow"},"og_locale":"en_GB","og_type":"article","og_title":"Declaraci\u00f3n de Accesibilidad - Hostal Avenida","og_description":"Declaraci\u00f3n de Accesibilidad Las Dunas de Lurcar S.L, titular del sitio web https:\/\/www.hostalavenida.es, se compromete a hacer accesible este sitio web de conformidad con el Real Decreto 1112\/2018, de 7 de septiembre, sobre accesibilidad de los sitios web y aplicaciones para dispositivos m\u00f3viles del sector p\u00fablico (en adelante, Real Decreto 1112\/2018). La presente declaraci\u00f3n de [&hellip;]","og_url":"http:\/\/www.hostalavenida.es\/en\/declaracion-de-accesibilidad\/","og_site_name":"Hostal Avenida","article_modified_time":"2024-11-27T21:12:59+00:00","twitter_card":"summary_large_image","twitter_misc":{"Estimated reading time":"2 minutes"},"schema":{"@context":"https:\/\/schema.org","@graph":[{"@type":"WebPage","@id":"http:\/\/www.hostalavenida.es\/en\/declaracion-de-accesibilidad\/","url":"http:\/\/www.hostalavenida.es\/en\/declaracion-de-accesibilidad\/","name":"Declaraci\u00f3n de Accesibilidad - Hostal Avenida","isPartOf":{"@id":"http:\/\/www.hostalavenida.es\/#website"},"datePublished":"2024-11-23T20:16:31+00:00","dateModified":"2024-11-27T21:12:59+00:00","breadcrumb":{"@id":"http:\/\/www.hostalavenida.es\/en\/declaracion-de-accesibilidad\/#breadcrumb"},"inLanguage":"en-GB","potentialAction":[{"@type":"ReadAction","target":["http:\/\/www.hostalavenida.es\/en\/declaracion-de-accesibilidad\/"]}]},{"@type":"BreadcrumbList","@id":"http:\/\/www.hostalavenida.es\/en\/declaracion-de-accesibilidad\/#breadcrumb","itemListElement":[{"@type":"ListItem","position":1,"name":"Portada","item":"http:\/\/www.hostalavenida.es\/"},{"@type":"ListItem","position":2,"name":"Declaraci\u00f3n de Accesibilidad"}]},{"@type":"WebSite","@id":"http:\/\/www.hostalavenida.es\/#website","url":"http:\/\/www.hostalavenida.es\/","name":"Hostal Avenida","description":"Hostal Avenida en Tabernas","potentialAction":[{"@type":"SearchAction","target":{"@type":"EntryPoint","urlTemplate":"http:\/\/www.hostalavenida.es\/?s={search_term_string}"},"query-input":{"@type":"PropertyValueSpecification","valueRequired":true,"valueName":"search_term_string"}}],"inLanguage":"en-GB"}]}},"_links":{"self":[{"href":"http:\/\/www.hostalavenida.es\/en\/wp-json\/wp\/v2\/pages\/994","targetHints":{"allow":["GET"]}}],"collection":[{"href":"http:\/\/www.hostalavenida.es\/en\/wp-json\/wp\/v2\/pages"}],"about":[{"href":"http:\/\/www.hostalavenida.es\/en\/wp-json\/wp\/v2\/types\/page"}],"author":[{"embeddable":true,"href":"http:\/\/www.hostalavenida.es\/en\/wp-json\/wp\/v2\/users\/1"}],"replies":[{"embeddable":true,"href":"http:\/\/www.hostalavenida.es\/en\/wp-json\/wp\/v2\/comments?post=994"}],"version-history":[{"count":25,"href":"http:\/\/www.hostalavenida.es\/en\/wp-json\/wp\/v2\/pages\/994\/revisions"}],"predecessor-version":[{"id":1144,"href":"http:\/\/www.hostalavenida.es\/en\/wp-json\/wp\/v2\/pages\/994\/revisions\/1144"}],"wp:attachment":[{"href":"http:\/\/www.hostalavenida.es\/en\/wp-json\/wp\/v2\/media?parent=994"}],"curies":[{"name":"wp","href":"https:\/\/api.w.org\/{rel}","templated":true}]}}