{"id":984,"date":"2024-11-23T21:07:41","date_gmt":"2024-11-23T20:07:41","guid":{"rendered":"https:\/\/www.hostalavenida.es\/?page_id=984"},"modified":"2024-11-27T22:04:44","modified_gmt":"2024-11-27T21:04:44","slug":"politica-de-cookies","status":"publish","type":"page","link":"http:\/\/www.hostalavenida.es\/en\/politica-de-cookies\/","title":{"rendered":"Pol\u00edtica de Cookies"},"content":{"rendered":"<div data-elementor-type=\"wp-page\" data-elementor-id=\"984\" class=\"elementor elementor-984\" data-elementor-post-type=\"page\">\n\t\t\t\t<div class=\"elementor-element elementor-element-ffdca80 e-flex e-con-boxed e-con e-parent\" data-id=\"ffdca80\" data-element_type=\"container\" data-e-type=\"container\" data-settings=\"{&quot;background_background&quot;:&quot;classic&quot;}\">\n\t\t\t\t\t<div class=\"e-con-inner\">\n\t\t\t\t<div class=\"elementor-element elementor-element-1dd890a elementor-widget elementor-widget-heading\" data-id=\"1dd890a\" data-element_type=\"widget\" data-e-type=\"widget\" data-widget_type=\"heading.default\">\n\t\t\t\t<div class=\"elementor-widget-container\">\n\t\t\t\t\t<h2 class=\"elementor-heading-title elementor-size-default\">Pol\u00edtica de Cookies<\/h2>\t\t\t\t<\/div>\n\t\t\t\t<\/div>\n\t\t\t\t<div class=\"elementor-element elementor-element-2ad9e6e elementor-widget elementor-widget-text-editor\" data-id=\"2ad9e6e\" data-element_type=\"widget\" data-e-type=\"widget\" data-widget_type=\"text-editor.default\">\n\t\t\t\t<div class=\"elementor-widget-container\">\n\t\t\t\t\t\t\t\t\t<p>En cumplimiento con lo dispuesto en el art\u00edculo 22.2 de la Ley 34\/2002, de Servicios de la Sociedad de la Informaci\u00f3n y del Comercio Electr\u00f3nico (LSSI-CE), informamos sobre el uso de cookies en el sitio web <a href=\"https:\/\/www.hostalavenida.es\/en\/\" target=\"_new\" rel=\"noopener\">https:\/\/www.hostalavenida.es<\/a>.<\/p><p><strong>1. \u00bfQu\u00e9 son las cookies?<\/strong><br \/>Las cookies son peque\u00f1os archivos de texto que los sitios web instalan en el navegador del Usuario para facilitar su navegaci\u00f3n, mejorar la experiencia del usuario y recopilar informaci\u00f3n sobre su actividad en el sitio web.<\/p><p><strong>2. Tipos de cookies utilizadas<\/strong><br \/>Este Sitio Web utiliza las siguientes cookies:<\/p><ul><li><strong>Cookies t\u00e9cnicas<\/strong>: Necesarias para el correcto funcionamiento del sitio web.<\/li><li><strong>Cookies de an\u00e1lisis<\/strong>: Permiten analizar el comportamiento de los usuarios para mejorar los servicios ofrecidos.<\/li><li><strong>Cookies de terceros<\/strong>: Proporcionadas por servicios externos como Google Analytics.<\/li><\/ul><p><strong>3. C\u00f3mo desactivar las cookies<\/strong><br \/>El Usuario puede configurar su navegador para aceptar, bloquear o eliminar las cookies instaladas. A continuaci\u00f3n, proporcionamos enlaces a las instrucciones de los navegadores m\u00e1s comunes:<\/p><ul><li><a target=\"_new\" rel=\"noopener\">Google Chrome<\/a><\/li><li><a href=\"https:\/\/support.mozilla.org\/es\/kb\/habilitar-y-deshabilitar-cookies-sitios-web-rastrear-preferencias\" target=\"_new\" rel=\"noopener\">Mozilla Firefox<\/a><\/li><li><a href=\"https:\/\/support.microsoft.com\/es-es\/help\/4027947\/windows-delete-cookies\" target=\"_new\" rel=\"noopener\">Microsoft Edge<\/a><\/li><\/ul><p><strong>4. Aceptaci\u00f3n de la Pol\u00edtica de Cookies<\/strong><br \/>El Usuario acepta el uso de cookies al continuar navegando en el Sitio Web tras visualizar el aviso correspondiente.<\/p>\t\t\t\t\t\t\t\t<\/div>\n\t\t\t\t<\/div>\n\t\t\t\t\t<\/div>\n\t\t\t\t<\/div>\n\t\t\t\t<\/div>","protected":false},"excerpt":{"rendered":"<p>Pol\u00edtica de Cookies En cumplimiento con lo dispuesto en el art\u00edculo 22.2 de la Ley 34\/2002, de Servicios de la Sociedad de la Informaci\u00f3n y del Comercio Electr\u00f3nico (LSSI-CE), informamos sobre el uso de cookies en el sitio web https:\/\/www.hostalavenida.es. 1. \u00bfQu\u00e9 son las cookies?Las cookies son peque\u00f1os archivos de texto que los sitios web [&hellip;]<\/p>\n","protected":false},"author":1,"featured_media":0,"parent":0,"menu_order":0,"comment_status":"closed","ping_status":"closed","template":"elementor_header_footer","meta":{"footnotes":""},"class_list":["post-984","page","type-page","status-publish","hentry"],"yoast_head":"<!-- This site is optimized with the Yoast SEO plugin v27.4 - https:\/\/yoast.com\/product\/yoast-seo-wordpress\/ -->\n<title>Pol\u00edtica de Cookies - Hostal Avenida<\/title>\n<meta name=\"robots\" content=\"noindex, nofollow\" \/>\n<meta property=\"og:locale\" content=\"en_GB\" \/>\n<meta property=\"og:type\" content=\"article\" \/>\n<meta property=\"og:title\" content=\"Pol\u00edtica de Cookies - Hostal Avenida\" \/>\n<meta property=\"og:description\" content=\"Pol\u00edtica de Cookies En cumplimiento con lo dispuesto en el art\u00edculo 22.2 de la Ley 34\/2002, de Servicios de la Sociedad de la Informaci\u00f3n y del Comercio Electr\u00f3nico (LSSI-CE), informamos sobre el uso de cookies en el sitio web https:\/\/www.hostalavenida.es. 1. \u00bfQu\u00e9 son las cookies?Las cookies son peque\u00f1os archivos de texto que los sitios web [&hellip;]\" \/>\n<meta property=\"og:url\" content=\"http:\/\/www.hostalavenida.es\/en\/politica-de-cookies\/\" \/>\n<meta property=\"og:site_name\" content=\"Hostal Avenida\" \/>\n<meta property=\"article:modified_time\" content=\"2024-11-27T21:04:44+00:00\" \/>\n<meta name=\"twitter:card\" content=\"summary_large_image\" \/>\n<meta name=\"twitter:label1\" content=\"Estimated reading time\" \/>\n\t<meta name=\"twitter:data1\" content=\"1 minute\" \/>\n<script type=\"application\/ld+json\" class=\"yoast-schema-graph\">{\"@context\":\"https:\\\/\\\/schema.org\",\"@graph\":[{\"@type\":\"WebPage\",\"@id\":\"http:\\\/\\\/www.hostalavenida.es\\\/en\\\/politica-de-cookies\\\/\",\"url\":\"http:\\\/\\\/www.hostalavenida.es\\\/en\\\/politica-de-cookies\\\/\",\"name\":\"Pol\u00edtica de Cookies - Hostal Avenida\",\"isPartOf\":{\"@id\":\"http:\\\/\\\/www.hostalavenida.es\\\/#website\"},\"datePublished\":\"2024-11-23T20:07:41+00:00\",\"dateModified\":\"2024-11-27T21:04:44+00:00\",\"breadcrumb\":{\"@id\":\"http:\\\/\\\/www.hostalavenida.es\\\/en\\\/politica-de-cookies\\\/#breadcrumb\"},\"inLanguage\":\"en-GB\",\"potentialAction\":[{\"@type\":\"ReadAction\",\"target\":[\"http:\\\/\\\/www.hostalavenida.es\\\/en\\\/politica-de-cookies\\\/\"]}]},{\"@type\":\"BreadcrumbList\",\"@id\":\"http:\\\/\\\/www.hostalavenida.es\\\/en\\\/politica-de-cookies\\\/#breadcrumb\",\"itemListElement\":[{\"@type\":\"ListItem\",\"position\":1,\"name\":\"Portada\",\"item\":\"http:\\\/\\\/www.hostalavenida.es\\\/\"},{\"@type\":\"ListItem\",\"position\":2,\"name\":\"Pol\u00edtica de Cookies\"}]},{\"@type\":\"WebSite\",\"@id\":\"http:\\\/\\\/www.hostalavenida.es\\\/#website\",\"url\":\"http:\\\/\\\/www.hostalavenida.es\\\/\",\"name\":\"Hostal Avenida\",\"description\":\"Hostal Avenida en Tabernas\",\"potentialAction\":[{\"@type\":\"SearchAction\",\"target\":{\"@type\":\"EntryPoint\",\"urlTemplate\":\"http:\\\/\\\/www.hostalavenida.es\\\/?s={search_term_string}\"},\"query-input\":{\"@type\":\"PropertyValueSpecification\",\"valueRequired\":true,\"valueName\":\"search_term_string\"}}],\"inLanguage\":\"en-GB\"}]}<\/script>\n<!-- \/ Yoast SEO plugin. -->","yoast_head_json":{"title":"Pol\u00edtica de Cookies - Hostal Avenida","robots":{"index":"noindex","follow":"nofollow"},"og_locale":"en_GB","og_type":"article","og_title":"Pol\u00edtica de Cookies - Hostal Avenida","og_description":"Pol\u00edtica de Cookies En cumplimiento con lo dispuesto en el art\u00edculo 22.2 de la Ley 34\/2002, de Servicios de la Sociedad de la Informaci\u00f3n y del Comercio Electr\u00f3nico (LSSI-CE), informamos sobre el uso de cookies en el sitio web https:\/\/www.hostalavenida.es. 1. \u00bfQu\u00e9 son las cookies?Las cookies son peque\u00f1os archivos de texto que los sitios web [&hellip;]","og_url":"http:\/\/www.hostalavenida.es\/en\/politica-de-cookies\/","og_site_name":"Hostal Avenida","article_modified_time":"2024-11-27T21:04:44+00:00","twitter_card":"summary_large_image","twitter_misc":{"Estimated reading time":"1 minute"},"schema":{"@context":"https:\/\/schema.org","@graph":[{"@type":"WebPage","@id":"http:\/\/www.hostalavenida.es\/en\/politica-de-cookies\/","url":"http:\/\/www.hostalavenida.es\/en\/politica-de-cookies\/","name":"Pol\u00edtica de Cookies - Hostal Avenida","isPartOf":{"@id":"http:\/\/www.hostalavenida.es\/#website"},"datePublished":"2024-11-23T20:07:41+00:00","dateModified":"2024-11-27T21:04:44+00:00","breadcrumb":{"@id":"http:\/\/www.hostalavenida.es\/en\/politica-de-cookies\/#breadcrumb"},"inLanguage":"en-GB","potentialAction":[{"@type":"ReadAction","target":["http:\/\/www.hostalavenida.es\/en\/politica-de-cookies\/"]}]},{"@type":"BreadcrumbList","@id":"http:\/\/www.hostalavenida.es\/en\/politica-de-cookies\/#breadcrumb","itemListElement":[{"@type":"ListItem","position":1,"name":"Portada","item":"http:\/\/www.hostalavenida.es\/"},{"@type":"ListItem","position":2,"name":"Pol\u00edtica de Cookies"}]},{"@type":"WebSite","@id":"http:\/\/www.hostalavenida.es\/#website","url":"http:\/\/www.hostalavenida.es\/","name":"Hostal Avenida","description":"Hostal Avenida en Tabernas","potentialAction":[{"@type":"SearchAction","target":{"@type":"EntryPoint","urlTemplate":"http:\/\/www.hostalavenida.es\/?s={search_term_string}"},"query-input":{"@type":"PropertyValueSpecification","valueRequired":true,"valueName":"search_term_string"}}],"inLanguage":"en-GB"}]}},"_links":{"self":[{"href":"http:\/\/www.hostalavenida.es\/en\/wp-json\/wp\/v2\/pages\/984","targetHints":{"allow":["GET"]}}],"collection":[{"href":"http:\/\/www.hostalavenida.es\/en\/wp-json\/wp\/v2\/pages"}],"about":[{"href":"http:\/\/www.hostalavenida.es\/en\/wp-json\/wp\/v2\/types\/page"}],"author":[{"embeddable":true,"href":"http:\/\/www.hostalavenida.es\/en\/wp-json\/wp\/v2\/users\/1"}],"replies":[{"embeddable":true,"href":"http:\/\/www.hostalavenida.es\/en\/wp-json\/wp\/v2\/comments?post=984"}],"version-history":[{"count":7,"href":"http:\/\/www.hostalavenida.es\/en\/wp-json\/wp\/v2\/pages\/984\/revisions"}],"predecessor-version":[{"id":1141,"href":"http:\/\/www.hostalavenida.es\/en\/wp-json\/wp\/v2\/pages\/984\/revisions\/1141"}],"wp:attachment":[{"href":"http:\/\/www.hostalavenida.es\/en\/wp-json\/wp\/v2\/media?parent=984"}],"curies":[{"name":"wp","href":"https:\/\/api.w.org\/{rel}","templated":true}]}}