{"id":976,"date":"2024-11-23T20:56:25","date_gmt":"2024-11-23T19:56:25","guid":{"rendered":"https:\/\/www.hostalavenida.es\/?page_id=976"},"modified":"2024-11-27T21:38:44","modified_gmt":"2024-11-27T20:38:44","slug":"aviso-legal","status":"publish","type":"page","link":"http:\/\/www.hostalavenida.es\/en\/aviso-legal\/","title":{"rendered":"Aviso Legal"},"content":{"rendered":"<div data-elementor-type=\"wp-page\" data-elementor-id=\"976\" class=\"elementor elementor-976\" data-elementor-post-type=\"page\">\n\t\t\t\t<div class=\"elementor-element elementor-element-4215fb0 e-flex e-con-boxed e-con e-parent\" data-id=\"4215fb0\" data-element_type=\"container\" data-e-type=\"container\" data-settings=\"{&quot;background_background&quot;:&quot;classic&quot;}\">\n\t\t\t\t\t<div class=\"e-con-inner\">\n\t\t\t\t<div class=\"elementor-element elementor-element-3f00a4b elementor-widget elementor-widget-heading\" data-id=\"3f00a4b\" data-element_type=\"widget\" data-e-type=\"widget\" data-widget_type=\"heading.default\">\n\t\t\t\t<div class=\"elementor-widget-container\">\n\t\t\t\t\t<h2 class=\"elementor-heading-title elementor-size-default\">Aviso Legal<\/h2>\t\t\t\t<\/div>\n\t\t\t\t<\/div>\n\t\t\t\t<div class=\"elementor-element elementor-element-5d45f15 elementor-widget elementor-widget-text-editor\" data-id=\"5d45f15\" data-element_type=\"widget\" data-e-type=\"widget\" data-widget_type=\"text-editor.default\">\n\t\t\t\t<div class=\"elementor-widget-container\">\n\t\t\t\t\t\t\t\t\t<p><strong>1. Datos Identificativos<\/strong> En cumplimiento con lo dispuesto en la Ley 34\/2002, de 11 de julio, de Servicios de la Sociedad de la Informaci\u00f3n y del Comercio Electr\u00f3nico (LSSI-CE), se informa que la titularidad del sitio web <a href=\"https:\/\/www.hostalavenida.es\/en\/\" target=\"_new\" rel=\"noopener\">https:\/\/www.hostalavenida.es<\/a> (en adelante, &#8220;el Sitio Web&#8221;) corresponde a:<\/p><ul><li><strong>Raz\u00f3n Social<\/strong>: Las Dunas de Lurcar S.L<\/li><li><strong>CIF<\/strong>: B04479358<\/li><li><strong>Domicilio Social<\/strong>: Avenida Andaluc\u00eda N\u00famero 8, 04200 Tabernas (Almer\u00eda)<\/li><li><strong>Correo Electr\u00f3nico<\/strong>: <a rel=\"noopener\">info@hostalavenida.es<\/a><\/li><li><strong>Tel\u00e9fono<\/strong>: 654 387 884<\/li><\/ul><p><strong>2. Usuarios<\/strong><br \/>El acceso y\/o uso del Sitio Web atribuye la condici\u00f3n de Usuario, que acepta, desde dicho acceso y\/o uso, las presentes condiciones generales de uso.<\/p><p><strong>3. Uso del Sitio Web<\/strong><br \/>El Usuario se compromete a hacer un uso adecuado de los contenidos y servicios ofrecidos a trav\u00e9s del Sitio Web y a no emplearlos para:<\/p><ul><li>Realizar actividades il\u00edcitas, ilegales o contrarias a la buena fe y al orden p\u00fablico.<\/li><li>Difundir contenidos o propaganda de car\u00e1cter racista, xen\u00f3fobo, pornogr\u00e1fico, de apolog\u00eda del terrorismo o que atenten contra los derechos humanos.<\/li><li>Provocar da\u00f1os en los sistemas f\u00edsicos y l\u00f3gicos del Sitio Web, de sus proveedores o de terceras personas.<\/li><\/ul><p><strong>4. Protecci\u00f3n de Datos<\/strong><br \/>Toda informaci\u00f3n relativa a la Pol\u00edtica de Privacidad y al tratamiento de los datos personales se encuentra recogida en nuestra Pol\u00edtica de Privacidad.<\/p><p><strong>5. Propiedad Intelectual e Industrial<\/strong><br \/>Todos los contenidos del Sitio Web, incluyendo textos, gr\u00e1ficos, im\u00e1genes, logotipos, iconos, software y dem\u00e1s elementos audiovisuales o sonoros, son propiedad exclusiva de Las Dunas de Lurcar S.L o de sus licenciantes, estando protegidos por derechos de propiedad intelectual e industrial.<\/p><p><strong>6. Exenci\u00f3n de Responsabilidad<\/strong><br \/>Las Dunas de Lucar S.L no ser\u00e1 responsable de los da\u00f1os o perjuicios de cualquier naturaleza derivados de, a t\u00edtulo enunciativo:<\/p><ul><li>La imposibilidad de acceso al Sitio Web.<\/li><li>La falta de veracidad, exactitud o actualizaci\u00f3n de los contenidos.<\/li><\/ul><p><strong>7. Modificaciones del Aviso Legal<\/strong><br \/>Las Dunas de Lurcar S.L se reserva el derecho de modificar el presente Aviso Legal para adaptarlo a novedades legislativas o jurisprudenciales.<\/p><p><strong>8. Legislaci\u00f3n Aplicable y Jurisdicci\u00f3n<\/strong><br \/>La relaci\u00f3n entre Las Dunas de Lurcar S.L y el Usuario se regir\u00e1 por la normativa espa\u00f1ola vigente, y cualquier controversia se someter\u00e1 a los Juzgados y Tribunales de Almer\u00eda.<\/p>\t\t\t\t\t\t\t\t<\/div>\n\t\t\t\t<\/div>\n\t\t\t\t\t<\/div>\n\t\t\t\t<\/div>\n\t\t\t\t<\/div>","protected":false},"excerpt":{"rendered":"<p>Aviso Legal 1. Datos Identificativos En cumplimiento con lo dispuesto en la Ley 34\/2002, de 11 de julio, de Servicios de la Sociedad de la Informaci\u00f3n y del Comercio Electr\u00f3nico (LSSI-CE), se informa que la titularidad del sitio web https:\/\/www.hostalavenida.es (en adelante, &#8220;el Sitio Web&#8221;) corresponde a: Raz\u00f3n Social: Las Dunas de Lurcar S.L CIF: [&hellip;]<\/p>\n","protected":false},"author":1,"featured_media":0,"parent":0,"menu_order":0,"comment_status":"closed","ping_status":"closed","template":"elementor_header_footer","meta":{"footnotes":""},"class_list":["post-976","page","type-page","status-publish","hentry"],"yoast_head":"<!-- This site is optimized with the Yoast SEO plugin v27.4 - https:\/\/yoast.com\/product\/yoast-seo-wordpress\/ -->\n<title>Aviso Legal - Hostal Avenida<\/title>\n<meta name=\"robots\" content=\"noindex, nofollow\" \/>\n<meta property=\"og:locale\" content=\"en_GB\" \/>\n<meta property=\"og:type\" content=\"article\" \/>\n<meta property=\"og:title\" content=\"Aviso Legal - Hostal Avenida\" \/>\n<meta property=\"og:description\" content=\"Aviso Legal 1. Datos Identificativos En cumplimiento con lo dispuesto en la Ley 34\/2002, de 11 de julio, de Servicios de la Sociedad de la Informaci\u00f3n y del Comercio Electr\u00f3nico (LSSI-CE), se informa que la titularidad del sitio web https:\/\/www.hostalavenida.es (en adelante, &#8220;el Sitio Web&#8221;) corresponde a: Raz\u00f3n Social: Las Dunas de Lurcar S.L CIF: [&hellip;]\" \/>\n<meta property=\"og:url\" content=\"http:\/\/www.hostalavenida.es\/en\/aviso-legal\/\" \/>\n<meta property=\"og:site_name\" content=\"Hostal Avenida\" \/>\n<meta property=\"article:modified_time\" content=\"2024-11-27T20:38:44+00:00\" \/>\n<meta name=\"twitter:card\" content=\"summary_large_image\" \/>\n<meta name=\"twitter:label1\" content=\"Estimated reading time\" \/>\n\t<meta name=\"twitter:data1\" content=\"2 minutes\" \/>\n<script type=\"application\/ld+json\" class=\"yoast-schema-graph\">{\"@context\":\"https:\\\/\\\/schema.org\",\"@graph\":[{\"@type\":\"WebPage\",\"@id\":\"http:\\\/\\\/www.hostalavenida.es\\\/en\\\/aviso-legal\\\/\",\"url\":\"http:\\\/\\\/www.hostalavenida.es\\\/en\\\/aviso-legal\\\/\",\"name\":\"Aviso Legal - Hostal Avenida\",\"isPartOf\":{\"@id\":\"http:\\\/\\\/www.hostalavenida.es\\\/#website\"},\"datePublished\":\"2024-11-23T19:56:25+00:00\",\"dateModified\":\"2024-11-27T20:38:44+00:00\",\"breadcrumb\":{\"@id\":\"http:\\\/\\\/www.hostalavenida.es\\\/en\\\/aviso-legal\\\/#breadcrumb\"},\"inLanguage\":\"en-GB\",\"potentialAction\":[{\"@type\":\"ReadAction\",\"target\":[\"http:\\\/\\\/www.hostalavenida.es\\\/en\\\/aviso-legal\\\/\"]}]},{\"@type\":\"BreadcrumbList\",\"@id\":\"http:\\\/\\\/www.hostalavenida.es\\\/en\\\/aviso-legal\\\/#breadcrumb\",\"itemListElement\":[{\"@type\":\"ListItem\",\"position\":1,\"name\":\"Portada\",\"item\":\"http:\\\/\\\/www.hostalavenida.es\\\/\"},{\"@type\":\"ListItem\",\"position\":2,\"name\":\"Aviso Legal\"}]},{\"@type\":\"WebSite\",\"@id\":\"http:\\\/\\\/www.hostalavenida.es\\\/#website\",\"url\":\"http:\\\/\\\/www.hostalavenida.es\\\/\",\"name\":\"Hostal Avenida\",\"description\":\"Hostal Avenida en Tabernas\",\"potentialAction\":[{\"@type\":\"SearchAction\",\"target\":{\"@type\":\"EntryPoint\",\"urlTemplate\":\"http:\\\/\\\/www.hostalavenida.es\\\/?s={search_term_string}\"},\"query-input\":{\"@type\":\"PropertyValueSpecification\",\"valueRequired\":true,\"valueName\":\"search_term_string\"}}],\"inLanguage\":\"en-GB\"}]}<\/script>\n<!-- \/ Yoast SEO plugin. -->","yoast_head_json":{"title":"Aviso Legal - Hostal Avenida","robots":{"index":"noindex","follow":"nofollow"},"og_locale":"en_GB","og_type":"article","og_title":"Aviso Legal - Hostal Avenida","og_description":"Aviso Legal 1. Datos Identificativos En cumplimiento con lo dispuesto en la Ley 34\/2002, de 11 de julio, de Servicios de la Sociedad de la Informaci\u00f3n y del Comercio Electr\u00f3nico (LSSI-CE), se informa que la titularidad del sitio web https:\/\/www.hostalavenida.es (en adelante, &#8220;el Sitio Web&#8221;) corresponde a: Raz\u00f3n Social: Las Dunas de Lurcar S.L CIF: [&hellip;]","og_url":"http:\/\/www.hostalavenida.es\/en\/aviso-legal\/","og_site_name":"Hostal Avenida","article_modified_time":"2024-11-27T20:38:44+00:00","twitter_card":"summary_large_image","twitter_misc":{"Estimated reading time":"2 minutes"},"schema":{"@context":"https:\/\/schema.org","@graph":[{"@type":"WebPage","@id":"http:\/\/www.hostalavenida.es\/en\/aviso-legal\/","url":"http:\/\/www.hostalavenida.es\/en\/aviso-legal\/","name":"Aviso Legal - Hostal Avenida","isPartOf":{"@id":"http:\/\/www.hostalavenida.es\/#website"},"datePublished":"2024-11-23T19:56:25+00:00","dateModified":"2024-11-27T20:38:44+00:00","breadcrumb":{"@id":"http:\/\/www.hostalavenida.es\/en\/aviso-legal\/#breadcrumb"},"inLanguage":"en-GB","potentialAction":[{"@type":"ReadAction","target":["http:\/\/www.hostalavenida.es\/en\/aviso-legal\/"]}]},{"@type":"BreadcrumbList","@id":"http:\/\/www.hostalavenida.es\/en\/aviso-legal\/#breadcrumb","itemListElement":[{"@type":"ListItem","position":1,"name":"Portada","item":"http:\/\/www.hostalavenida.es\/"},{"@type":"ListItem","position":2,"name":"Aviso Legal"}]},{"@type":"WebSite","@id":"http:\/\/www.hostalavenida.es\/#website","url":"http:\/\/www.hostalavenida.es\/","name":"Hostal Avenida","description":"Hostal Avenida en Tabernas","potentialAction":[{"@type":"SearchAction","target":{"@type":"EntryPoint","urlTemplate":"http:\/\/www.hostalavenida.es\/?s={search_term_string}"},"query-input":{"@type":"PropertyValueSpecification","valueRequired":true,"valueName":"search_term_string"}}],"inLanguage":"en-GB"}]}},"_links":{"self":[{"href":"http:\/\/www.hostalavenida.es\/en\/wp-json\/wp\/v2\/pages\/976","targetHints":{"allow":["GET"]}}],"collection":[{"href":"http:\/\/www.hostalavenida.es\/en\/wp-json\/wp\/v2\/pages"}],"about":[{"href":"http:\/\/www.hostalavenida.es\/en\/wp-json\/wp\/v2\/types\/page"}],"author":[{"embeddable":true,"href":"http:\/\/www.hostalavenida.es\/en\/wp-json\/wp\/v2\/users\/1"}],"replies":[{"embeddable":true,"href":"http:\/\/www.hostalavenida.es\/en\/wp-json\/wp\/v2\/comments?post=976"}],"version-history":[{"count":13,"href":"http:\/\/www.hostalavenida.es\/en\/wp-json\/wp\/v2\/pages\/976\/revisions"}],"predecessor-version":[{"id":1138,"href":"http:\/\/www.hostalavenida.es\/en\/wp-json\/wp\/v2\/pages\/976\/revisions\/1138"}],"wp:attachment":[{"href":"http:\/\/www.hostalavenida.es\/en\/wp-json\/wp\/v2\/media?parent=976"}],"curies":[{"name":"wp","href":"https:\/\/api.w.org\/{rel}","templated":true}]}}